{"id":119132,"date":"2021-07-16T16:20:55","date_gmt":"2021-07-16T10:50:55","guid":{"rendered":"https:\/\/blog.forumias.com\/?page_id=119132"},"modified":"2021-07-16T16:20:55","modified_gmt":"2021-07-16T10:50:55","slug":"karman-line","status":"publish","type":"page","link":"https:\/\/forumias.com\/blog\/karman-line\/","title":{"rendered":"Karman line"},"content":{"rendered":"<p><strong>About: <\/strong>\u00a0The K\u00e1rm\u00e1n line is an attempt to define a boundary between Earth\u2019s atmosphere and outer space. It is set at the altitude at which Earth\u2019s atmosphere becomes too thin to support aeronautical flight.<\/p>\n<p><strong>Detail:<\/strong> The K\u00e1rm\u00e1n line, 62 miles above ground, is the boundary of space recognized by the F\u00e9d\u00e9ration A\u00e9ronautique Internationale (FAI), a Swiss organization that sets global rules for air sports. The Karman Line as originally defined lies between 70 and 90 km, not at 100 km.<\/p>\n","protected":false},"excerpt":{"rendered":"<p>About: \u00a0The K\u00e1rm\u00e1n line is an attempt to define a boundary between Earth\u2019s atmosphere and outer space. It is set at the altitude at which Earth\u2019s atmosphere becomes too thin to support aeronautical flight. Detail: The K\u00e1rm\u00e1n line, 62 miles above ground, is the boundary of space recognized by the F\u00e9d\u00e9ration A\u00e9ronautique Internationale (FAI), a&hellip; <a class=\"more-link\" href=\"https:\/\/forumias.com\/blog\/karman-line\/\">Continue reading <span class=\"screen-reader-text\">Karman line<\/span><\/a><\/p>\n","protected":false},"author":10314,"featured_media":0,"parent":0,"menu_order":0,"comment_status":"closed","ping_status":"closed","template":"","meta":{"jetpack_post_was_ever_published":false,"footnotes":""},"class_list":["post-119132","page","type-page","status-publish","hentry","entry"],"jetpack_sharing_enabled":true,"_links":{"self":[{"href":"https:\/\/forumias.com\/blog\/wp-json\/wp\/v2\/pages\/119132","targetHints":{"allow":["GET"]}}],"collection":[{"href":"https:\/\/forumias.com\/blog\/wp-json\/wp\/v2\/pages"}],"about":[{"href":"https:\/\/forumias.com\/blog\/wp-json\/wp\/v2\/types\/page"}],"author":[{"embeddable":true,"href":"https:\/\/forumias.com\/blog\/wp-json\/wp\/v2\/users\/10314"}],"replies":[{"embeddable":true,"href":"https:\/\/forumias.com\/blog\/wp-json\/wp\/v2\/comments?post=119132"}],"version-history":[{"count":0,"href":"https:\/\/forumias.com\/blog\/wp-json\/wp\/v2\/pages\/119132\/revisions"}],"wp:attachment":[{"href":"https:\/\/forumias.com\/blog\/wp-json\/wp\/v2\/media?parent=119132"}],"curies":[{"name":"wp","href":"https:\/\/api.w.org\/{rel}","templated":true}]}}