{"id":50087,"date":"2019-07-17T16:51:31","date_gmt":"2019-07-17T11:21:31","guid":{"rendered":"https:\/\/blogadmin.forumias.com\/?page_id=50087"},"modified":"2019-07-17T16:51:41","modified_gmt":"2019-07-17T11:21:41","slug":"upsc-main-philosophy-paper-i-2016","status":"publish","type":"page","link":"https:\/\/forumias.com\/blog\/upsc-main-philosophy-paper-i-2016\/","title":{"rendered":"UPSC Main Philosophy Paper I- 2016"},"content":{"rendered":"\n<p style=\"text-align:center\"><strong>SECTION A<\/strong><\/p>\n\n\n\n<p>1. Answer the following in about 150 words each : 10&#215;5=50 marks<\/p>\n\n\n\n<p>(a) What is the logical necessity for Lock to introduce the concept of secondary qualities? Give reasons for your answer.<br>(b) Examine Kant&#8217;s criticism on Descartes&#8217; view of Self.<br>(c) Why does Wittgenstein reject the possibility of private language?<br>(d) Explain verification theory. Does it lead to elimination of metaphysics?<br>(e) Discuss Quine&#8217;s attack on the analytic-synthetic distinction.<\/p>\n\n\n\n<p>2.(a) Does Aristotle treat matter as a &#8216;Substance&#8217;? Give reasons for your answer. 20 marks<br>(b) Critically examine Hume&#8217;s views on the relation of cause and effect. &nbsp;15 marks<br>(c) Discuss Sartre&#8217;s notion of &#8220;Nothingness&#8217;. 15 marks<\/p>\n\n\n\n<p>3.(a) Does Plato&#8217;s Theory of Form&#8217; explain the change&#8217; and &#8216;sensibility&#8217; of matter? Give reasons for your answer. 20 marks<br>(b) What, according to Kant, are &#8216;pure concepts&#8221;? Examine their role in the process of knowing. 15 marks<br>(c) Explain Russell&#8217;s view that the physical object is a logical construction from sensedata&#8221;. Why does he call his metaphysical view &#8220;neutral monist&#8217;? 15 marks<\/p>\n\n\n\n<p>4.(a) What, according to Husserl, is the task of a philosopher? Do you think his methods are relevant to philosophy? Discuss. &nbsp;20 marks<br>(b) What is Hegel&#8217;s view on God? Do you think that his interpretation of God was contributive to the colonial and imperial expansionist designs? Explain. &nbsp;15 marks<br>(c) Discuss the various stances on God taken by Rationalists and Empiricists. 15 marks<\/p>\n\n\n\n<p style=\"text-align:center\">SECTION\u2014B<\/p>\n\n\n\n<p>5. Answer the following in about 150 words each : 10&#215;5=50 marks<\/p>\n\n\n\n<p>(a) Differentiate the concept of &#8216;Kaivalya&#8217; as discussed in Jaina and Yoga philosophies.<br>(b) How does &#8216;Ksanikavada&#8217; strengthen the arguments for &#8216;Nair\u0101tmyav\u0101da&#8217;? Explain.<br>(c) Critically examine the role of &#8220;Praktti&#8217; in the process of evolution.<br>(d) Examine Jaina stance of &#8216;Naya&#8217;. How does it differ from &#8216;Sy\u016bdv\u0101da&#8221;?<br>(e) Evaluate Sankara&#8217;s position on \u012b\u015bvara.<\/p>\n\n\n\n<p>6.(a) Does the &#8216;Doctrine of Dependent Origination&#8217; reconcile the two extreme views on the law of causation, namely Satk\u0101ryav\u0101da and Asatk\u0101ryav\u0101da? Give reasons for your answer. 20 marks<br>(b) Can the &#8216;Tattv\u0101rtha&#8217; theory of Jainism be acceptable for scientific explanations? Explain. 15 marks<br>(c) Is the doctrine of &#8216;Self acceptable in the modern age of science and reason? Examine the view in the light of Indian philosophy. 15 marks<\/p>\n\n\n\n<p>7.(a) Discuss Aurobindo&#8217;s views on &#8216;Evolution&#8217; and &#8216;Involution&#8217;. How do they differ from traditional Yoga philosophy? 20 marks<br>(b) What would be C\u0101rv\u0101ka&#8217;s view on Vy\u0101pti? Can this view be acceptable to the Naiy\u0101yikas? Give reasons for your answer. 15 marks<br>(c) What is the logical necessity for the Mimamsakas to treat &#8216;Arth\u0101patti&#8217; as an independent Pram\u0101na? Discuss. 15 marks<\/p>\n\n\n\n<p>8.(a) How do the Naiy\u0101yikas justify the introduction of &#8220;Abh\u0101va&#8217; as an independent category? Explain. 20 marks<br>(b) What are Kle\u0161as? How can these be eliminated? Explain. 15 marks<br>(c) Give a critical exposition of the concept of &#8216;Brahman&#8217; as discussed by Sankara, R\u0101m\u0101nuja and M\u0101dhava. 15 marks<\/p>\n","protected":false},"excerpt":{"rendered":"<p>SECTION A 1. Answer the following in about 150 words each : 10&#215;5=50 marks (a) What is the logical necessity for Lock to introduce the concept of secondary qualities? Give reasons for your answer.(b) Examine Kant&#8217;s criticism on Descartes&#8217; view of Self.(c) Why does Wittgenstein reject the possibility of private language?(d) Explain verification theory. Does&hellip; <a class=\"more-link\" href=\"https:\/\/forumias.com\/blog\/upsc-main-philosophy-paper-i-2016\/\">Continue reading <span class=\"screen-reader-text\">UPSC Main Philosophy Paper I- 2016<\/span><\/a><\/p>\n","protected":false},"author":61,"featured_media":0,"parent":0,"menu_order":0,"comment_status":"open","ping_status":"closed","template":"","meta":{"jetpack_post_was_ever_published":false,"footnotes":""},"class_list":["post-50087","page","type-page","status-publish","hentry","entry"],"jetpack_sharing_enabled":true,"_links":{"self":[{"href":"https:\/\/forumias.com\/blog\/wp-json\/wp\/v2\/pages\/50087","targetHints":{"allow":["GET"]}}],"collection":[{"href":"https:\/\/forumias.com\/blog\/wp-json\/wp\/v2\/pages"}],"about":[{"href":"https:\/\/forumias.com\/blog\/wp-json\/wp\/v2\/types\/page"}],"author":[{"embeddable":true,"href":"https:\/\/forumias.com\/blog\/wp-json\/wp\/v2\/users\/61"}],"replies":[{"embeddable":true,"href":"https:\/\/forumias.com\/blog\/wp-json\/wp\/v2\/comments?post=50087"}],"version-history":[{"count":0,"href":"https:\/\/forumias.com\/blog\/wp-json\/wp\/v2\/pages\/50087\/revisions"}],"wp:attachment":[{"href":"https:\/\/forumias.com\/blog\/wp-json\/wp\/v2\/media?parent=50087"}],"curies":[{"name":"wp","href":"https:\/\/api.w.org\/{rel}","templated":true}]}}