{"id":97002,"date":"2021-03-22T12:14:27","date_gmt":"2021-03-22T06:44:27","guid":{"rendered":"https:\/\/blog.forumias.com\/?page_id=97002"},"modified":"2023-10-27T15:16:29","modified_gmt":"2023-10-27T09:46:29","slug":"assamese-syllabus","status":"publish","type":"page","link":"https:\/\/forumias.com\/blog\/upsc-syllabus\/assamese-syllabus\/","title":{"rendered":"Assamese Literature Optional UPSC Syllabus"},"content":{"rendered":"<p><strong>Assamese Optional-Syllabus<\/strong><\/p>\n<h5 style=\"text-align: center;\"><strong>PAPER -I<\/strong><\/h5>\n<p style=\"text-align: center;\"><strong>[Answers must be written in Assamese]<\/strong><br \/>\n<strong>Section A<\/strong><\/p>\n<p><strong>Language<\/strong><br \/>\n(a) History of the origin and development of the Assamese Language \u2014its position among<br \/>\nthe Indo-Aryan language\u2014periods in its history.<br \/>\n(b) Development of Assamese prose.<br \/>\n(c) Vowels and consonants of the Assamese Language\u2014Rules of phonetic changes with stress<br \/>\non Assamese coming down from Old Indo-Aryan.<br \/>\n(d) Assamese vocabulary\u2014and its sources.<br \/>\n(e) Morphology of the language\u2014conjugation\u2014enclitic definitives and pleonastic suffixes.<br \/>\n(f) Dilectical divergences\u2014the Standard colloquial and the Kamrupi dialect in particular.<br \/>\n(g) Assamese script\u2014its evolution through the ages till 19th century A.D.<\/p>\n<p style=\"text-align: center;\"><strong>Section B<\/strong><\/p>\n<p><strong>Literary Criticism and Literary History<\/strong><br \/>\n(a) Principles of literary criticism up to New criticism.<br \/>\n(b) Different literary genres.<br \/>\n(c) Development of literary forms in Assamese.<br \/>\n(d) Development of literary criticism in Assamese.<br \/>\n(e) Periods of the literary history of Assam from the earliest beginnings, i.e. from the period of<br \/>\nthe charyyageeta with their socio-cultural background : the proto Assamese<br \/>\nPre-Sankaradeva\u2014Sankaradeva\u2014Post-Sankaradeva\u2014Modern period (from the coming of<br \/>\nthe Britishers)\u2014Post-Independence period. Special emphasis is to be given on the<br \/>\nVaisnavite period, the gonaki and the post-independence periods.<\/p>\n<h5 style=\"text-align: center;\">PAPER-II<\/h5>\n<p><strong>This paper will require first-hand reading of the texts prescribed and will be designed to test <\/strong><br \/>\n<strong>the candidate\u2019s critical ability. <\/strong><br \/>\n<strong>[Answers must be written in Assamese<\/strong>]<\/p>\n<p style=\"text-align: center;\"><strong>Section A<\/strong><\/p>\n<p>R\u00e2m\u00e2yana (Ayodhy\u00e2 K\u00e2nda \u2014by Madhava Kandali only)<br \/>\nP\u00e2rij\u00e2t-Harana \u2014by Sankaradeva.<br \/>\nR\u00e2sakr\u00eed\u00e2 \u2014by Sankaradeva (From Kirtana Ghosa)<br \/>\nB\u00e2rgeet \u2014by Madhavadeva.<br \/>\nR\u00e2jas\u00fbya \u2014by Madhavadeva.<br \/>\nKath\u00e2-Bh\u00e2gavata(Books I and II) \u2014by Baikurthanath Bhattacharyya.<br \/>\nGurucarit-Kath\u00e2 (Sankaradeva\u2019s Part only) \u2014ed. by Maheswar Neog.<\/p>\n<p style=\"text-align: center;\"><strong>SECTION B<\/strong><\/p>\n<p>Mor Jeevan So\u00f1waran \u2014by Lakshminath Bezbaroa.<br \/>\nKrip\u00e2bar Borbaru\u00e2rKakatar Topola \u2014by Lakshminath Bezbaroa.<br \/>\nPratim\u00e2 \u2014by Chandra KumarAgarwalla.<br \/>\nG\u00e2onburh\u00e2 \u2014by Padmanath GohainBarua.<br \/>\nManomat\u00ee \u2014by Rajanikanta Bordoloi.<br \/>\nPurani Asam\u00eey\u00e2 S\u00e2hitya \u2014by Banikanta Kakati.<br \/>\nK\u00e2rengar Ligir\u00ee \u2014by Jyotiprasad Agarwalla<br \/>\nJeevanar B\u00e2tat \u2014by Bina Barva(BirinchiKumar Barua)<br \/>\nMrityunjoy \u2014by Birendrakumar Bhattacharyya<br \/>\nSamr\u00e2t \u2014by Navakanta Barua<\/p>\n<p>&nbsp;<\/p>\n","protected":false},"excerpt":{"rendered":"<p>Assamese Optional-Syllabus PAPER -I [Answers must be written in Assamese] Section A Language (a) History of the origin and development of the Assamese Language \u2014its position among the Indo-Aryan language\u2014periods in its history. (b) Development of Assamese prose. (c) Vowels and consonants of the Assamese Language\u2014Rules of phonetic changes with stress on Assamese coming down&hellip; <a class=\"more-link\" href=\"https:\/\/forumias.com\/blog\/upsc-syllabus\/assamese-syllabus\/\">Continue reading <span class=\"screen-reader-text\">Assamese Literature Optional UPSC Syllabus<\/span><\/a><\/p>\n","protected":false},"author":61,"featured_media":0,"parent":50153,"menu_order":0,"comment_status":"closed","ping_status":"closed","template":"","meta":{"jetpack_post_was_ever_published":false,"footnotes":""},"class_list":["post-97002","page","type-page","status-publish","hentry","entry"],"jetpack_sharing_enabled":true,"_links":{"self":[{"href":"https:\/\/forumias.com\/blog\/wp-json\/wp\/v2\/pages\/97002","targetHints":{"allow":["GET"]}}],"collection":[{"href":"https:\/\/forumias.com\/blog\/wp-json\/wp\/v2\/pages"}],"about":[{"href":"https:\/\/forumias.com\/blog\/wp-json\/wp\/v2\/types\/page"}],"author":[{"embeddable":true,"href":"https:\/\/forumias.com\/blog\/wp-json\/wp\/v2\/users\/61"}],"replies":[{"embeddable":true,"href":"https:\/\/forumias.com\/blog\/wp-json\/wp\/v2\/comments?post=97002"}],"version-history":[{"count":0,"href":"https:\/\/forumias.com\/blog\/wp-json\/wp\/v2\/pages\/97002\/revisions"}],"up":[{"embeddable":true,"href":"https:\/\/forumias.com\/blog\/wp-json\/wp\/v2\/pages\/50153"}],"wp:attachment":[{"href":"https:\/\/forumias.com\/blog\/wp-json\/wp\/v2\/media?parent=97002"}],"curies":[{"name":"wp","href":"https:\/\/api.w.org\/{rel}","templated":true}]}}