{"id":97113,"date":"2021-03-22T16:52:32","date_gmt":"2021-03-22T11:22:32","guid":{"rendered":"https:\/\/blog.forumias.com\/?page_id=97113"},"modified":"2023-10-27T16:04:51","modified_gmt":"2023-10-27T10:34:51","slug":"oriya-syllabus","status":"publish","type":"page","link":"https:\/\/forumias.com\/blog\/upsc-syllabus\/oriya-syllabus\/","title":{"rendered":"Oriya Literature Optional UPSC Syllabus"},"content":{"rendered":"<p><strong>Oriya Optional-Syllabus\u00a0<\/strong><\/p>\n<h5 style=\"text-align: center;\"><strong>PAPER-I<\/strong><\/h5>\n<p style=\"text-align: center;\"><strong>(Answers must be written in Odia)<\/strong><br \/>\n<strong>Section A<\/strong><\/p>\n<p style=\"text-align: left;\"><strong>History of Odia Language<br \/>\n<\/strong>(i) Origin and development of Odia Language\u2014Influence of Austric, Dravidian, Perso\u2014<br \/>\nArabic and English on Odia Language.<br \/>\n(ii) Phonetics and Phonemics : Vowels, Consonants Principles of changes in Odia sounds.<br \/>\n(iii) Morphology : Morphemes (free, bound compound and complex), derivational and<br \/>\ninflectional affixes, case inflection, conjugation of verb.<br \/>\n(iv) Syntax : Kinds of sentences and their trans-formation, structure of sentences.<br \/>\n(v) Semantics\u2014Different types of change in meaning. Euphemism.<br \/>\n(vi) Common errors in spellings, grammatical uses and construction of sentences.<br \/>\n(vii) Regional variations in Odia Language (Western, Southern and Northern Odia) and<br \/>\nDialects (Bhatri and Desia).<\/p>\n<p style=\"text-align: center;\"><strong>Section B<\/strong><\/p>\n<p style=\"text-align: left;\"><strong>History of Odia Literature<\/strong><br \/>\n(i) Historical backgrounds (social, cultural and political) of Odia Literature of different<br \/>\nperiods.<br \/>\n(ii) Ancient epics, ornate kavyas and padavalis.<br \/>\n(iii) Typical structural forms of Odia Literature (Koili, Chautisa, Poi, Chaupadi, Champu).<br \/>\n(iv) Modern trends in poetry, drama short story, novel essay and literary criticism.<\/p>\n<h5 style=\"text-align: center;\"><strong>PAPER-II<\/strong><\/h5>\n<p style=\"text-align: left;\"><strong>(Answers must be written in Odia)<\/strong><br \/>\nCritical Study of texts\u2014<br \/>\nThe paper will require first hand reading of the text and test the critical ability of the candidate.<\/p>\n<p style=\"text-align: center;\"><strong>Section A<\/strong><\/p>\n<p style=\"text-align: left;\"><strong>Poetry<\/strong><br \/>\n<strong>(Ancient)<\/strong><br \/>\n1. S\u00e3ral\u00e3 D\u00e3s\u2014Shanti Parva from Mah\u00e3bh\u00e3rata.<br \/>\n2. Jagan\u00e3th D\u00e3s\u2014Bh\u00e3gabata, XI Skadh\u00e3\u2014Jadu Avadhuta Samb\u00e3da.Government strives to have a workforce which reflects gender balance and women candidates are encouraged to apply.<br \/>\n<strong>(Medieval)<\/strong><br \/>\n3. Dinakrushna D\u00e3s\u2014Raskallola\u2014(Chh\u00e3ndas\u201416 &amp; 34)<br \/>\n4. Upendra Bhanja\u2014L\u00e3vanyabati (Chh\u00e3ndas\u20141 &amp; 2).<br \/>\n<strong>(Modern)<\/strong><br \/>\n5. R\u00e3dh\u00e3nath R\u00e3y\u2014Chandrabh\u00e3g\u00e3.<br \/>\n6. M\u00e3y\u00e3dhar M\u00e4nasinha\u2014Jeevan\u2014Chit\u00e3.<br \/>\n7. S\u00e3tchidananda Routray\u2014Kabit\u00e3\u20141962.<br \/>\n8. Ram\u00e3k\u00e3nta Ratha\u2014Saptama Ritu.<\/p>\n<p style=\"text-align: center;\"><strong>Section B<\/strong><\/p>\n<p style=\"text-align: left;\"><strong>Drama :<\/strong><br \/>\n9. Manoranjan D\u00e3s\u2014K\u00e4tha-Ghoda.<br \/>\n10. Bijay Mishra\u2014Tata Niranjan\u00e4.<br \/>\n<strong>Novel :<\/strong><br \/>\n11. Fakir Mohan Sen\u00e3pati\u2014Chham\u00e3na \u00c3thaguntha.<br \/>\n12. Gopin\u00e3th Moh\u00e3nty\u2014D\u00e3n\u00e3pani.<br \/>\n<strong>Short Story :<\/strong><br \/>\n13. Surendra Moh\u00e3nty\u2014Mar\u00e3lara Mrityu.<br \/>\n14. Manoj D\u00e3s\u2014Laxmira Abhis\u00e3ra.<br \/>\n<strong>Essay :<\/strong><br \/>\n15. Chittaranjan D\u00e3s\u2014Tranga O Tadit (First Five essays).<br \/>\n16. Chandra Sekhar Rath\u2014Mun Satyadharm\u00e3<br \/>\nKahuchhi (First five essays).<\/p>\n","protected":false},"excerpt":{"rendered":"<p>Oriya Optional-Syllabus\u00a0 PAPER-I (Answers must be written in Odia) Section A History of Odia Language (i) Origin and development of Odia Language\u2014Influence of Austric, Dravidian, Perso\u2014 Arabic and English on Odia Language. (ii) Phonetics and Phonemics : Vowels, Consonants Principles of changes in Odia sounds. (iii) Morphology : Morphemes (free, bound compound and complex), derivational&hellip; <a class=\"more-link\" href=\"https:\/\/forumias.com\/blog\/upsc-syllabus\/oriya-syllabus\/\">Continue reading <span class=\"screen-reader-text\">Oriya Literature Optional UPSC Syllabus<\/span><\/a><\/p>\n","protected":false},"author":61,"featured_media":0,"parent":50153,"menu_order":0,"comment_status":"closed","ping_status":"closed","template":"","meta":{"jetpack_post_was_ever_published":false,"footnotes":""},"class_list":["post-97113","page","type-page","status-publish","hentry","entry"],"jetpack_sharing_enabled":true,"_links":{"self":[{"href":"https:\/\/forumias.com\/blog\/wp-json\/wp\/v2\/pages\/97113","targetHints":{"allow":["GET"]}}],"collection":[{"href":"https:\/\/forumias.com\/blog\/wp-json\/wp\/v2\/pages"}],"about":[{"href":"https:\/\/forumias.com\/blog\/wp-json\/wp\/v2\/types\/page"}],"author":[{"embeddable":true,"href":"https:\/\/forumias.com\/blog\/wp-json\/wp\/v2\/users\/61"}],"replies":[{"embeddable":true,"href":"https:\/\/forumias.com\/blog\/wp-json\/wp\/v2\/comments?post=97113"}],"version-history":[{"count":0,"href":"https:\/\/forumias.com\/blog\/wp-json\/wp\/v2\/pages\/97113\/revisions"}],"up":[{"embeddable":true,"href":"https:\/\/forumias.com\/blog\/wp-json\/wp\/v2\/pages\/50153"}],"wp:attachment":[{"href":"https:\/\/forumias.com\/blog\/wp-json\/wp\/v2\/media?parent=97113"}],"curies":[{"name":"wp","href":"https:\/\/api.w.org\/{rel}","templated":true}]}}